{"id":78,"date":"2025-07-09T01:38:27","date_gmt":"2025-07-09T01:38:27","guid":{"rendered":"https:\/\/figral.org\/wordpress\/?page_id=78"},"modified":"2025-07-09T17:06:48","modified_gmt":"2025-07-09T17:06:48","slug":"autotransporte-local-de-carga-especializada","status":"publish","type":"page","link":"https:\/\/figral.org\/index.php\/autotransporte-local-de-carga-especializada\/","title":{"rendered":"Autotransporte local de carga especializada"},"content":{"rendered":"\t\t<div data-elementor-type=\"wp-page\" data-elementor-id=\"78\" class=\"elementor elementor-78\" data-elementor-post-type=\"page\">\n\t\t\t\t<div class=\"elementor-element elementor-element-6fdbd90b e-flex e-con-boxed e-con e-parent\" data-id=\"6fdbd90b\" data-element_type=\"container\">\n\t\t\t\t\t<div class=\"e-con-inner\">\n\t\t\t\t<div class=\"elementor-element elementor-element-110b4117 elementor-widget elementor-widget-text-editor\" data-id=\"110b4117\" data-element_type=\"widget\" data-widget_type=\"text-editor.default\">\n\t\t\t\t\t\t\t\t\t\n<p><\/p>\n\n\n\n<p><\/p>\n\t\t\t\t\t\t\t\t<\/div>\n\t\t\t\t\t<\/div>\n\t\t\t\t<\/div>\n\t\t<div class=\"elementor-element elementor-element-069053c e-con-full e-flex e-con e-parent\" data-id=\"069053c\" data-element_type=\"container\" data-settings=\"{&quot;background_background&quot;:&quot;slideshow&quot;,&quot;background_slideshow_gallery&quot;:[{&quot;id&quot;:94,&quot;url&quot;:&quot;https:\\\/\\\/figral.org\\\/wordpress\\\/wp-content\\\/uploads\\\/2025\\\/07\\\/pexels-tima-miroshnichenko-6170405-scaled.jpg&quot;},{&quot;id&quot;:95,&quot;url&quot;:&quot;https:\\\/\\\/figral.org\\\/wordpress\\\/wp-content\\\/uploads\\\/2025\\\/07\\\/pexels-pavel-danilyuk-6407553-1-scaled.jpg&quot;},{&quot;id&quot;:44,&quot;url&quot;:&quot;https:\\\/\\\/figral.org\\\/wordpress\\\/wp-content\\\/uploads\\\/2025\\\/07\\\/pexels-rdne-7464731-scaled.jpg&quot;},{&quot;id&quot;:31,&quot;url&quot;:&quot;https:\\\/\\\/figral.org\\\/wordpress\\\/wp-content\\\/uploads\\\/2025\\\/07\\\/pexels-pavel-danilyuk-6407553-scaled.jpg&quot;}],&quot;background_slideshow_loop&quot;:&quot;yes&quot;,&quot;background_slideshow_slide_duration&quot;:5000,&quot;background_slideshow_slide_transition&quot;:&quot;fade&quot;,&quot;background_slideshow_transition_duration&quot;:500}\">\n\t\t<div class=\"elementor-element elementor-element-147001c e-flex e-con-boxed e-con e-child\" data-id=\"147001c\" data-element_type=\"container\">\n\t\t\t\t\t<div class=\"e-con-inner\">\n\t\t\t\t<div class=\"elementor-element elementor-element-903dc30 elementor-widget__width-auto elementor-widget elementor-widget-heading\" data-id=\"903dc30\" data-element_type=\"widget\" data-widget_type=\"heading.default\">\n\t\t\t\t\t<h2 class=\"elementor-heading-title elementor-size-default\">Autotransporte local de carga especializada\n<\/h2>\t\t\t\t<\/div>\n\t\t\t\t\t<\/div>\n\t\t\t\t<\/div>\n\t\t\t\t<\/div>\n\t\t<div class=\"elementor-element elementor-element-353e397 e-flex e-con-boxed e-con e-parent\" data-id=\"353e397\" data-element_type=\"container\">\n\t\t\t\t\t<div class=\"e-con-inner\">\n\t\t<div class=\"elementor-element elementor-element-8eb73b4 e-con-full e-flex e-con e-child\" data-id=\"8eb73b4\" data-element_type=\"container\">\n\t\t\t\t<div class=\"elementor-element elementor-element-c62524f elementor-widget elementor-widget-text-editor\" data-id=\"c62524f\" data-element_type=\"widget\" data-widget_type=\"text-editor.default\">\n\t\t\t\t\t\t\t\t\t<p data-start=\"223\" data-end=\"514\">Ofrecemos servicios de transporte local y regional para carga t\u00e9cnica, fr\u00e1gil o de manejo delicado. Contamos con una flota propia equipada y un equipo de operadores capacitados, lo que nos permite garantizar un traslado seguro, puntual y conforme a requerimientos espec\u00edficos.<\/p>\n<p data-start=\"516\" data-end=\"725\">Atendemos entregas dentro de zonas urbanas e intermunicipales, brindando soluciones log\u00edsticas a empresas e instituciones que requieren transporte de productos sensibles o con condiciones de manejo especiales.<\/p>\t\t\t\t\t\t\t\t<\/div>\n\t\t\t\t<\/div>\n\t\t\t\t\t<\/div>\n\t\t\t\t<\/div>\n\t\t<div class=\"elementor-element elementor-element-33b431a e-flex e-con-boxed e-con e-parent\" data-id=\"33b431a\" data-element_type=\"container\">\n\t\t\t\t\t<div class=\"e-con-inner\">\n\t\t<div class=\"elementor-element elementor-element-ad49ad7 e-con-full e-flex e-con e-child\" data-id=\"ad49ad7\" data-element_type=\"container\">\n\t\t\t\t<div class=\"elementor-element elementor-element-446cf5b elementor-widget elementor-widget-heading\" data-id=\"446cf5b\" data-element_type=\"widget\" data-widget_type=\"heading.default\">\n\t\t\t\t\t<h2 class=\"elementor-heading-title elementor-size-default\">Ventajas de nuestro servicio:<\/h2>\t\t\t\t<\/div>\n\t\t\t\t<div class=\"elementor-element elementor-element-0ef40fc elementor-align-left elementor-widget__width-initial elementor-icon-list--layout-traditional elementor-list-item-link-full_width elementor-widget elementor-widget-icon-list\" data-id=\"0ef40fc\" data-element_type=\"widget\" data-widget_type=\"icon-list.default\">\n\t\t\t\t\t\t\t<ul class=\"elementor-icon-list-items\">\n\t\t\t\t\t\t\t<li class=\"elementor-icon-list-item\">\n\t\t\t\t\t\t\t\t\t\t\t<span class=\"elementor-icon-list-icon\">\n\t\t\t\t\t\t\t<svg aria-hidden=\"true\" class=\"e-font-icon-svg e-fas-check\" viewBox=\"0 0 512 512\" xmlns=\"http:\/\/www.w3.org\/2000\/svg\"><path d=\"M173.898 439.404l-166.4-166.4c-9.997-9.997-9.997-26.206 0-36.204l36.203-36.204c9.997-9.998 26.207-9.998 36.204 0L192 312.69 432.095 72.596c9.997-9.997 26.207-9.997 36.204 0l36.203 36.204c9.997 9.997 9.997 26.206 0 36.204l-294.4 294.401c-9.998 9.997-26.207 9.997-36.204-.001z\"><\/path><\/svg>\t\t\t\t\t\t<\/span>\n\t\t\t\t\t\t\t\t\t\t<span class=\"elementor-icon-list-text\">Flota propia y personal capacitado: Unidades en \u00f3ptimas condiciones y conductores entrenados para el manejo de carga especializada.<\/span>\n\t\t\t\t\t\t\t\t\t<\/li>\n\t\t\t\t\t\t\t\t<li class=\"elementor-icon-list-item\">\n\t\t\t\t\t\t\t\t\t\t\t<span class=\"elementor-icon-list-icon\">\n\t\t\t\t\t\t\t<svg aria-hidden=\"true\" class=\"e-font-icon-svg e-fas-check\" viewBox=\"0 0 512 512\" xmlns=\"http:\/\/www.w3.org\/2000\/svg\"><path d=\"M173.898 439.404l-166.4-166.4c-9.997-9.997-9.997-26.206 0-36.204l36.203-36.204c9.997-9.998 26.207-9.998 36.204 0L192 312.69 432.095 72.596c9.997-9.997 26.207-9.997 36.204 0l36.203 36.204c9.997 9.997 9.997 26.206 0 36.204l-294.4 294.401c-9.998 9.997-26.207 9.997-36.204-.001z\"><\/path><\/svg>\t\t\t\t\t\t<\/span>\n\t\t\t\t\t\t\t\t\t\t<span class=\"elementor-icon-list-text\">Seguimiento en tiempo real: Monitoreo constante de unidades para mayor control, trazabilidad y comunicaci\u00f3n con el cliente.<\/span>\n\t\t\t\t\t\t\t\t\t<\/li>\n\t\t\t\t\t\t\t\t<li class=\"elementor-icon-list-item\">\n\t\t\t\t\t\t\t\t\t\t\t<span class=\"elementor-icon-list-icon\">\n\t\t\t\t\t\t\t<svg aria-hidden=\"true\" class=\"e-font-icon-svg e-fas-check\" viewBox=\"0 0 512 512\" xmlns=\"http:\/\/www.w3.org\/2000\/svg\"><path d=\"M173.898 439.404l-166.4-166.4c-9.997-9.997-9.997-26.206 0-36.204l36.203-36.204c9.997-9.998 26.207-9.998 36.204 0L192 312.69 432.095 72.596c9.997-9.997 26.207-9.997 36.204 0l36.203 36.204c9.997 9.997 9.997 26.206 0 36.204l-294.4 294.401c-9.998 9.997-26.207 9.997-36.204-.001z\"><\/path><\/svg>\t\t\t\t\t\t<\/span>\n\t\t\t\t\t\t\t\t\t\t<span class=\"elementor-icon-list-text\">Opciones de seguridad y custodia: Servicios complementarios bajo solicitud para el traslado de mercanc\u00edas de alto valor o riesgo.<\/span>\n\t\t\t\t\t\t\t\t\t<\/li>\n\t\t\t\t\t\t<\/ul>\n\t\t\t\t\t\t<\/div>\n\t\t\t\t<div class=\"elementor-element elementor-element-5a08562 elementor-widget elementor-widget-text-editor\" data-id=\"5a08562\" data-element_type=\"widget\" data-widget_type=\"text-editor.default\">\n\t\t\t\t\t\t\t\t\t<p data-start=\"1175\" data-end=\"1344\">Ya sea instrumental m\u00e9dico, equipos tecnol\u00f3gicos, productos qu\u00edmicos o carga institucional, Figral asegura un traslado eficiente y adaptado a tus necesidades log\u00edsticas.<\/p>\t\t\t\t\t\t\t\t<\/div>\n\t\t\t\t<\/div>\n\t\t\t\t\t<\/div>\n\t\t\t\t<\/div>\n\t\t<div class=\"elementor-element elementor-element-48264f7 e-flex e-con-boxed e-con e-parent\" data-id=\"48264f7\" data-element_type=\"container\" data-settings=\"{&quot;background_background&quot;:&quot;classic&quot;}\">\n\t\t\t\t\t<div class=\"e-con-inner\">\n\t\t\t\t<div class=\"elementor-element elementor-element-26f1a10 elementor-widget elementor-widget-text-editor\" data-id=\"26f1a10\" data-element_type=\"widget\" data-widget_type=\"text-editor.default\">\n\t\t\t\t\t\t\t\t\t<p data-start=\"3898\" data-end=\"3965\">\u00bfQuieres cotizar un servicio, conocer m\u00e1s o establecer una alianza?<\/p><p data-start=\"3967\" data-end=\"4099\">\ud83d\udce7 <strong data-start=\"3970\" data-end=\"3992\">Correo electr\u00f3nico<\/strong>: <a class=\"cursor-pointer\" rel=\"noopener\" data-start=\"3994\" data-end=\"4043\">contacto@figral.org<\/a><\/p>\t\t\t\t\t\t\t\t<\/div>\n\t\t\t\t<div class=\"elementor-element elementor-element-1c926ce elementor-align-center elementor-widget elementor-widget-button\" data-id=\"1c926ce\" data-element_type=\"widget\" data-widget_type=\"button.default\">\n\t\t\t\t\t\t\t\t\t\t<a class=\"elementor-button elementor-button-link elementor-size-sm\" href=\"https:\/\/figral.org\/index.php\/contacto\/\">\n\t\t\t\t\t\t<span class=\"elementor-button-content-wrapper\">\n\t\t\t\t\t\t\t\t\t<span class=\"elementor-button-text\">Haz clic aqu\u00ed<\/span>\n\t\t\t\t\t<\/span>\n\t\t\t\t\t<\/a>\n\t\t\t\t\t\t\t\t<\/div>\n\t\t\t\t\t<\/div>\n\t\t\t\t<\/div>\n\t\t\t\t<\/div>\n\t\t","protected":false},"excerpt":{"rendered":"<p>Autotransporte local de carga especializada Ofrecemos servicios de transporte local y regional para carga t\u00e9cnica, fr\u00e1gil o de manejo delicado. Contamos con una flota propia equipada y un equipo de operadores capacitados, lo que nos permite garantizar un traslado seguro, puntual y conforme a requerimientos espec\u00edficos. Atendemos entregas dentro de zonas urbanas e intermunicipales, brindando [&hellip;]<\/p>\n","protected":false},"author":1,"featured_media":0,"parent":0,"menu_order":0,"comment_status":"closed","ping_status":"closed","template":"","meta":{"footnotes":""},"class_list":["post-78","page","type-page","status-publish","hentry"],"_links":{"self":[{"href":"https:\/\/figral.org\/index.php\/wp-json\/wp\/v2\/pages\/78","targetHints":{"allow":["GET"]}}],"collection":[{"href":"https:\/\/figral.org\/index.php\/wp-json\/wp\/v2\/pages"}],"about":[{"href":"https:\/\/figral.org\/index.php\/wp-json\/wp\/v2\/types\/page"}],"author":[{"embeddable":true,"href":"https:\/\/figral.org\/index.php\/wp-json\/wp\/v2\/users\/1"}],"replies":[{"embeddable":true,"href":"https:\/\/figral.org\/index.php\/wp-json\/wp\/v2\/comments?post=78"}],"version-history":[{"count":10,"href":"https:\/\/figral.org\/index.php\/wp-json\/wp\/v2\/pages\/78\/revisions"}],"predecessor-version":[{"id":144,"href":"https:\/\/figral.org\/index.php\/wp-json\/wp\/v2\/pages\/78\/revisions\/144"}],"wp:attachment":[{"href":"https:\/\/figral.org\/index.php\/wp-json\/wp\/v2\/media?parent=78"}],"curies":[{"name":"wp","href":"https:\/\/api.w.org\/{rel}","templated":true}]}}