{"id":71,"date":"2025-07-09T01:25:14","date_gmt":"2025-07-09T01:25:14","guid":{"rendered":"https:\/\/figral.org\/wordpress\/?page_id=71"},"modified":"2025-07-09T17:08:16","modified_gmt":"2025-07-09T17:08:16","slug":"provision-de-mobiliario-e-instrumental-medico","status":"publish","type":"page","link":"https:\/\/figral.org\/index.php\/provision-de-mobiliario-e-instrumental-medico\/","title":{"rendered":"Provisi\u00f3n de mobiliario e instrumental m\u00e9dico"},"content":{"rendered":"\t\t<div data-elementor-type=\"wp-page\" data-elementor-id=\"71\" class=\"elementor elementor-71\" data-elementor-post-type=\"page\">\n\t\t\t\t<div class=\"elementor-element elementor-element-35e4243 e-con-full e-flex e-con e-parent\" data-id=\"35e4243\" data-element_type=\"container\" data-settings=\"{&quot;background_background&quot;:&quot;slideshow&quot;,&quot;background_slideshow_gallery&quot;:[{&quot;id&quot;:74,&quot;url&quot;:&quot;https:\\\/\\\/figral.org\\\/wordpress\\\/wp-content\\\/uploads\\\/2025\\\/07\\\/pexels-ionelceban-15456809-scaled.jpg&quot;},{&quot;id&quot;:76,&quot;url&quot;:&quot;https:\\\/\\\/figral.org\\\/wordpress\\\/wp-content\\\/uploads\\\/2025\\\/07\\\/pexels-shvetsa-4769118-scaled.jpg&quot;},{&quot;id&quot;:75,&quot;url&quot;:&quot;https:\\\/\\\/figral.org\\\/wordpress\\\/wp-content\\\/uploads\\\/2025\\\/07\\\/pexels-titus-fr-24022931-scaled.jpg&quot;},{&quot;id&quot;:77,&quot;url&quot;:&quot;https:\\\/\\\/figral.org\\\/wordpress\\\/wp-content\\\/uploads\\\/2025\\\/07\\\/pexels-shvetsa-6291088-scaled.jpg&quot;},{&quot;id&quot;:43,&quot;url&quot;:&quot;https:\\\/\\\/figral.org\\\/wordpress\\\/wp-content\\\/uploads\\\/2025\\\/07\\\/pexels-tima-miroshnichenko-9574510-scaled.jpg&quot;}],&quot;background_slideshow_loop&quot;:&quot;yes&quot;,&quot;background_slideshow_slide_duration&quot;:5000,&quot;background_slideshow_slide_transition&quot;:&quot;fade&quot;,&quot;background_slideshow_transition_duration&quot;:500}\">\n\t\t<div class=\"elementor-element elementor-element-08070a5 e-flex e-con-boxed e-con e-child\" data-id=\"08070a5\" data-element_type=\"container\">\n\t\t\t\t\t<div class=\"e-con-inner\">\n\t\t\t\t<div class=\"elementor-element elementor-element-6d352ca elementor-widget__width-auto elementor-widget elementor-widget-heading\" data-id=\"6d352ca\" data-element_type=\"widget\" data-widget_type=\"heading.default\">\n\t\t\t\t\t<h2 class=\"elementor-heading-title elementor-size-default\">Provisi\u00f3n de mobiliario e instrumental m\u00e9dico<\/h2>\t\t\t\t<\/div>\n\t\t\t\t\t<\/div>\n\t\t\t\t<\/div>\n\t\t\t\t<\/div>\n\t\t<div class=\"elementor-element elementor-element-aa3c771 e-flex e-con-boxed e-con e-parent\" data-id=\"aa3c771\" data-element_type=\"container\">\n\t\t\t\t\t<div class=\"e-con-inner\">\n\t\t<div class=\"elementor-element elementor-element-8f24b8d e-con-full e-flex e-con e-child\" data-id=\"8f24b8d\" data-element_type=\"container\">\n\t\t\t\t<div class=\"elementor-element elementor-element-8b09a75 elementor-widget elementor-widget-text-editor\" data-id=\"8b09a75\" data-element_type=\"widget\" data-widget_type=\"text-editor.default\">\n\t\t\t\t\t\t\t\t\t<p data-start=\"187\" data-end=\"526\">Proveemos soluciones funcionales y confiables en equipamiento m\u00e9dico para cl\u00ednicas, hospitales, laboratorios y centros de atenci\u00f3n, tanto del sector p\u00fablico como privado. Nuestra oferta incluye mobiliario cl\u00ednico, instrumental m\u00e9dico y equipos de laboratorio, disponibles en versiones nuevas o reacondicionadas con garant\u00eda.<\/p><p data-start=\"528\" data-end=\"708\">Atendemos proyectos de expansi\u00f3n, renovaci\u00f3n o equipamiento desde cero, y contamos con la experiencia necesaria para participar en procesos de licitaci\u00f3n y compras institucionales.<\/p>\t\t\t\t\t\t\t\t<\/div>\n\t\t\t\t<\/div>\n\t\t\t\t\t<\/div>\n\t\t\t\t<\/div>\n\t\t<div class=\"elementor-element elementor-element-8c073b5 e-flex e-con-boxed e-con e-parent\" data-id=\"8c073b5\" data-element_type=\"container\">\n\t\t\t\t\t<div class=\"e-con-inner\">\n\t\t<div class=\"elementor-element elementor-element-4bf872d e-con-full e-flex e-con e-child\" data-id=\"4bf872d\" data-element_type=\"container\">\n\t\t\t\t<div class=\"elementor-element elementor-element-4e0ce91 elementor-widget elementor-widget-heading\" data-id=\"4e0ce91\" data-element_type=\"widget\" data-widget_type=\"heading.default\">\n\t\t\t\t\t<h2 class=\"elementor-heading-title elementor-size-default\">Ventajas de nuestro servicio:<\/h2>\t\t\t\t<\/div>\n\t\t\t\t<div class=\"elementor-element elementor-element-7fd3c2f elementor-align-left elementor-widget__width-initial elementor-icon-list--layout-traditional elementor-list-item-link-full_width elementor-widget elementor-widget-icon-list\" data-id=\"7fd3c2f\" data-element_type=\"widget\" data-widget_type=\"icon-list.default\">\n\t\t\t\t\t\t\t<ul class=\"elementor-icon-list-items\">\n\t\t\t\t\t\t\t<li class=\"elementor-icon-list-item\">\n\t\t\t\t\t\t\t\t\t\t\t<span class=\"elementor-icon-list-icon\">\n\t\t\t\t\t\t\t<svg aria-hidden=\"true\" class=\"e-font-icon-svg e-fas-check\" viewBox=\"0 0 512 512\" xmlns=\"http:\/\/www.w3.org\/2000\/svg\"><path d=\"M173.898 439.404l-166.4-166.4c-9.997-9.997-9.997-26.206 0-36.204l36.203-36.204c9.997-9.998 26.207-9.998 36.204 0L192 312.69 432.095 72.596c9.997-9.997 26.207-9.997 36.204 0l36.203 36.204c9.997 9.997 9.997 26.206 0 36.204l-294.4 294.401c-9.998 9.997-26.207 9.997-36.204-.001z\"><\/path><\/svg>\t\t\t\t\t\t<\/span>\n\t\t\t\t\t\t\t\t\t\t<span class=\"elementor-icon-list-text\">Equipamiento normado: Todos nuestros productos cumplen con regulaciones nacionales e internacionales en materia de salud, seguridad y funcionalidad.<\/span>\n\t\t\t\t\t\t\t\t\t<\/li>\n\t\t\t\t\t\t\t\t<li class=\"elementor-icon-list-item\">\n\t\t\t\t\t\t\t\t\t\t\t<span class=\"elementor-icon-list-icon\">\n\t\t\t\t\t\t\t<svg aria-hidden=\"true\" class=\"e-font-icon-svg e-fas-check\" viewBox=\"0 0 512 512\" xmlns=\"http:\/\/www.w3.org\/2000\/svg\"><path d=\"M173.898 439.404l-166.4-166.4c-9.997-9.997-9.997-26.206 0-36.204l36.203-36.204c9.997-9.998 26.207-9.998 36.204 0L192 312.69 432.095 72.596c9.997-9.997 26.207-9.997 36.204 0l36.203 36.204c9.997 9.997 9.997 26.206 0 36.204l-294.4 294.401c-9.998 9.997-26.207 9.997-36.204-.001z\"><\/path><\/svg>\t\t\t\t\t\t<\/span>\n\t\t\t\t\t\t\t\t\t\t<span class=\"elementor-icon-list-text\">Opciones nuevas o reacondicionadas: Ofrecemos soluciones seg\u00fan presupuesto, con garant\u00eda de funcionamiento y disponibilidad inmediata.<\/span>\n\t\t\t\t\t\t\t\t\t<\/li>\n\t\t\t\t\t\t\t\t<li class=\"elementor-icon-list-item\">\n\t\t\t\t\t\t\t\t\t\t\t<span class=\"elementor-icon-list-icon\">\n\t\t\t\t\t\t\t<svg aria-hidden=\"true\" class=\"e-font-icon-svg e-fas-check\" viewBox=\"0 0 512 512\" xmlns=\"http:\/\/www.w3.org\/2000\/svg\"><path d=\"M173.898 439.404l-166.4-166.4c-9.997-9.997-9.997-26.206 0-36.204l36.203-36.204c9.997-9.998 26.207-9.998 36.204 0L192 312.69 432.095 72.596c9.997-9.997 26.207-9.997 36.204 0l36.203 36.204c9.997 9.997 9.997 26.206 0 36.204l-294.4 294.401c-9.998 9.997-26.207 9.997-36.204-.001z\"><\/path><\/svg>\t\t\t\t\t\t<\/span>\n\t\t\t\t\t\t\t\t\t\t<span class=\"elementor-icon-list-text\">Enfoque institucional: Conocemos los requerimientos administrativos, t\u00e9cnicos y log\u00edsticos de los procesos p\u00fablicos, por lo que brindamos acompa\u00f1amiento completo en licitaciones y compras consolidadas.<\/span>\n\t\t\t\t\t\t\t\t\t<\/li>\n\t\t\t\t\t\t<\/ul>\n\t\t\t\t\t\t<\/div>\n\t\t\t\t<div class=\"elementor-element elementor-element-3f1a961 elementor-widget elementor-widget-text-editor\" data-id=\"3f1a961\" data-element_type=\"widget\" data-widget_type=\"text-editor.default\">\n\t\t\t\t\t\t\t\t\t<p data-start=\"1221\" data-end=\"1400\">Desde una silla de exploraci\u00f3n hasta equipos especializados para laboratorio, en Figral ofrecemos soluciones listas para entregar, adaptadas a las necesidades del sector salud.<\/p>\t\t\t\t\t\t\t\t<\/div>\n\t\t\t\t<\/div>\n\t\t\t\t\t<\/div>\n\t\t\t\t<\/div>\n\t\t<div class=\"elementor-element elementor-element-f1e67e3 e-flex e-con-boxed e-con e-parent\" data-id=\"f1e67e3\" data-element_type=\"container\" data-settings=\"{&quot;background_background&quot;:&quot;classic&quot;}\">\n\t\t\t\t\t<div class=\"e-con-inner\">\n\t\t\t\t<div class=\"elementor-element elementor-element-b980a39 elementor-widget elementor-widget-text-editor\" data-id=\"b980a39\" data-element_type=\"widget\" data-widget_type=\"text-editor.default\">\n\t\t\t\t\t\t\t\t\t<p data-start=\"3898\" data-end=\"3965\">\u00bfQuieres cotizar un servicio, conocer m\u00e1s o establecer una alianza?<\/p><p data-start=\"3967\" data-end=\"4099\">\ud83d\udce7 <strong data-start=\"3970\" data-end=\"3992\">Correo electr\u00f3nico<\/strong>: <a class=\"cursor-pointer\" rel=\"noopener\" data-start=\"3994\" data-end=\"4043\">contacto@figral.org<\/a><\/p>\t\t\t\t\t\t\t\t<\/div>\n\t\t\t\t<div class=\"elementor-element elementor-element-1dfa22a elementor-align-center elementor-widget elementor-widget-button\" data-id=\"1dfa22a\" data-element_type=\"widget\" data-widget_type=\"button.default\">\n\t\t\t\t\t\t\t\t\t\t<a class=\"elementor-button elementor-button-link elementor-size-sm\" href=\"https:\/\/figral.org\/index.php\/contacto\/\">\n\t\t\t\t\t\t<span class=\"elementor-button-content-wrapper\">\n\t\t\t\t\t\t\t\t\t<span class=\"elementor-button-text\">Haz clic aqu\u00ed<\/span>\n\t\t\t\t\t<\/span>\n\t\t\t\t\t<\/a>\n\t\t\t\t\t\t\t\t<\/div>\n\t\t\t\t\t<\/div>\n\t\t\t\t<\/div>\n\t\t\t\t<\/div>\n\t\t","protected":false},"excerpt":{"rendered":"<p>Provisi\u00f3n de mobiliario e instrumental m\u00e9dico Proveemos soluciones funcionales y confiables en equipamiento m\u00e9dico para cl\u00ednicas, hospitales, laboratorios y centros de atenci\u00f3n, tanto del sector p\u00fablico como privado. Nuestra oferta incluye mobiliario cl\u00ednico, instrumental m\u00e9dico y equipos de laboratorio, disponibles en versiones nuevas o reacondicionadas con garant\u00eda. Atendemos proyectos de expansi\u00f3n, renovaci\u00f3n o equipamiento desde [&hellip;]<\/p>\n","protected":false},"author":1,"featured_media":0,"parent":0,"menu_order":0,"comment_status":"closed","ping_status":"closed","template":"","meta":{"footnotes":""},"class_list":["post-71","page","type-page","status-publish","hentry"],"_links":{"self":[{"href":"https:\/\/figral.org\/index.php\/wp-json\/wp\/v2\/pages\/71","targetHints":{"allow":["GET"]}}],"collection":[{"href":"https:\/\/figral.org\/index.php\/wp-json\/wp\/v2\/pages"}],"about":[{"href":"https:\/\/figral.org\/index.php\/wp-json\/wp\/v2\/types\/page"}],"author":[{"embeddable":true,"href":"https:\/\/figral.org\/index.php\/wp-json\/wp\/v2\/users\/1"}],"replies":[{"embeddable":true,"href":"https:\/\/figral.org\/index.php\/wp-json\/wp\/v2\/comments?post=71"}],"version-history":[{"count":13,"href":"https:\/\/figral.org\/index.php\/wp-json\/wp\/v2\/pages\/71\/revisions"}],"predecessor-version":[{"id":150,"href":"https:\/\/figral.org\/index.php\/wp-json\/wp\/v2\/pages\/71\/revisions\/150"}],"wp:attachment":[{"href":"https:\/\/figral.org\/index.php\/wp-json\/wp\/v2\/media?parent=71"}],"curies":[{"name":"wp","href":"https:\/\/api.w.org\/{rel}","templated":true}]}}