{"id":7,"date":"2025-07-09T00:32:42","date_gmt":"2025-07-09T00:32:42","guid":{"rendered":"https:\/\/figral.org\/wordpress\/?page_id=7"},"modified":"2025-07-09T02:20:25","modified_gmt":"2025-07-09T02:20:25","slug":"home","status":"publish","type":"page","link":"https:\/\/figral.org\/","title":{"rendered":"Home"},"content":{"rendered":"\t\t<div data-elementor-type=\"wp-page\" data-elementor-id=\"7\" class=\"elementor elementor-7\" data-elementor-post-type=\"page\">\n\t\t\t\t<div class=\"elementor-element elementor-element-a2cb444 e-con-full e-flex e-con e-parent\" data-id=\"a2cb444\" data-element_type=\"container\" data-settings=\"{&quot;background_background&quot;:&quot;slideshow&quot;,&quot;background_slideshow_gallery&quot;:[{&quot;id&quot;:22,&quot;url&quot;:&quot;https:\\\/\\\/figral.org\\\/wordpress\\\/wp-content\\\/uploads\\\/2025\\\/07\\\/f-scaled.jpg&quot;},{&quot;id&quot;:36,&quot;url&quot;:&quot;https:\\\/\\\/figral.org\\\/wordpress\\\/wp-content\\\/uploads\\\/2025\\\/07\\\/pexels-cottonbro-5607888-scaled.jpg&quot;},{&quot;id&quot;:37,&quot;url&quot;:&quot;https:\\\/\\\/figral.org\\\/wordpress\\\/wp-content\\\/uploads\\\/2025\\\/07\\\/pexels-cottonbro-4569296-scaled.jpg&quot;}],&quot;background_slideshow_loop&quot;:&quot;yes&quot;,&quot;background_slideshow_slide_duration&quot;:5000,&quot;background_slideshow_slide_transition&quot;:&quot;fade&quot;,&quot;background_slideshow_transition_duration&quot;:500}\">\n\t\t<div class=\"elementor-element elementor-element-614925f e-flex e-con-boxed e-con e-child\" data-id=\"614925f\" data-element_type=\"container\">\n\t\t\t\t\t<div class=\"e-con-inner\">\n\t\t\t\t<div class=\"elementor-element elementor-element-1ab01bb elementor-widget__width-auto elementor-widget elementor-widget-heading\" data-id=\"1ab01bb\" data-element_type=\"widget\" data-widget_type=\"heading.default\">\n\t\t\t\t\t<h2 class=\"elementor-heading-title elementor-size-default\">Impulsamos sectores clave con eficiencia, calidad y compromiso.<\/h2>\t\t\t\t<\/div>\n\t\t\t\t\t<\/div>\n\t\t\t\t<\/div>\n\t\t\t\t<\/div>\n\t\t<div class=\"elementor-element elementor-element-3d7767e e-flex e-con-boxed e-con e-parent\" data-id=\"3d7767e\" data-element_type=\"container\">\n\t\t\t\t\t<div class=\"e-con-inner\">\n\t\t<div class=\"elementor-element elementor-element-3f78860 e-con-full e-flex e-con e-child\" data-id=\"3f78860\" data-element_type=\"container\">\n\t\t\t\t<div class=\"elementor-element elementor-element-cd004b9 elementor-widget elementor-widget-menu-anchor\" data-id=\"cd004b9\" data-element_type=\"widget\" data-widget_type=\"menu-anchor.default\">\n\t\t\t\t\t\t\t<div class=\"elementor-menu-anchor\" id=\"nosotros\"><\/div>\n\t\t\t\t\t\t<\/div>\n\t\t\t\t<div class=\"elementor-element elementor-element-2b2ecdb elementor-widget elementor-widget-text-editor\" data-id=\"2b2ecdb\" data-element_type=\"widget\" data-widget_type=\"text-editor.default\">\n\t\t\t\t\t\t\t\t\t<p>En Figral S.A. de C.V., nos especializamos en el suministro, arrendamiento y distribuci\u00f3n estrat\u00e9gica de productos y equipos para sectores fundamentales de la econom\u00eda como la industria, salud, agroalimentaci\u00f3n y log\u00edstica.<\/p>\t\t\t\t\t\t\t\t<\/div>\n\t\t\t\t<\/div>\n\t\t\t\t\t<\/div>\n\t\t\t\t<\/div>\n\t\t<div class=\"elementor-element elementor-element-4d449bd e-flex e-con-boxed e-con e-parent\" data-id=\"4d449bd\" data-element_type=\"container\" data-settings=\"{&quot;background_background&quot;:&quot;classic&quot;,&quot;shape_divider_top&quot;:&quot;opacity-fan&quot;}\">\n\t\t\t\t\t<div class=\"e-con-inner\">\n\t\t\t\t<div class=\"elementor-shape elementor-shape-top\" aria-hidden=\"true\" data-negative=\"false\">\n\t\t\t<svg xmlns=\"http:\/\/www.w3.org\/2000\/svg\" viewBox=\"0 0 283.5 19.6\" preserveAspectRatio=\"none\">\n\t<path class=\"elementor-shape-fill\" style=\"opacity:0.33\" d=\"M0 0L0 18.8 141.8 4.1 283.5 18.8 283.5 0z\"\/>\n\t<path class=\"elementor-shape-fill\" style=\"opacity:0.33\" d=\"M0 0L0 12.6 141.8 4 283.5 12.6 283.5 0z\"\/>\n\t<path class=\"elementor-shape-fill\" style=\"opacity:0.33\" d=\"M0 0L0 6.4 141.8 4 283.5 6.4 283.5 0z\"\/>\n\t<path class=\"elementor-shape-fill\" d=\"M0 0L0 1.2 141.8 4 283.5 1.2 283.5 0z\"\/>\n<\/svg>\t\t<\/div>\n\t\t\t\t<div class=\"elementor-element elementor-element-4985188 elementor-widget elementor-widget-heading\" data-id=\"4985188\" data-element_type=\"widget\" data-widget_type=\"heading.default\">\n\t\t\t\t\t<h2 class=\"elementor-heading-title elementor-size-default\">\u00bfQui\u00e9nes somos?<\/h2>\t\t\t\t<\/div>\n\t\t\t\t\t<\/div>\n\t\t\t\t<\/div>\n\t\t<div class=\"elementor-element elementor-element-bbb3232 e-flex e-con-boxed e-con e-parent\" data-id=\"bbb3232\" data-element_type=\"container\">\n\t\t\t\t\t<div class=\"e-con-inner\">\n\t\t<div class=\"elementor-element elementor-element-2edd109 e-con-full e-flex e-con e-child\" data-id=\"2edd109\" data-element_type=\"container\" data-settings=\"{&quot;background_background&quot;:&quot;classic&quot;}\">\n\t\t\t\t<div class=\"elementor-element elementor-element-5d2f899 elementor-widget elementor-widget-text-editor\" data-id=\"5d2f899\" data-element_type=\"widget\" data-widget_type=\"text-editor.default\">\n\t\t\t\t\t\t\t\t\t<p data-start=\"1232\" data-end=\"1410\">Figral S.A. de C.V. es una empresa mexicana que integra soluciones log\u00edsticas, t\u00e9cnicas y comerciales para atender las demandas espec\u00edficas de distintos sectores productivos.<\/p><p data-start=\"1412\" data-end=\"1507\">Desde nuestra fundaci\u00f3n, hemos construido una reputaci\u00f3n como proveedores confiables gracias a:<\/p><ul data-start=\"1508\" data-end=\"1698\"><li data-start=\"1508\" data-end=\"1557\"><p data-start=\"1510\" data-end=\"1557\">Nuestra experiencia en intermediaci\u00f3n comercial<\/p><\/li><li data-start=\"1558\" data-end=\"1608\"><p data-start=\"1560\" data-end=\"1608\">Capacidad de proveedur\u00eda t\u00e9cnica y especializada<\/p><\/li><li data-start=\"1609\" data-end=\"1647\"><p data-start=\"1611\" data-end=\"1647\">Servicio de arrendamiento de equipos<\/p><\/li><li data-start=\"1648\" data-end=\"1698\"><p data-start=\"1650\" data-end=\"1698\">Transporte de carga local con cobertura regional<\/p><\/li><\/ul><p data-start=\"1700\" data-end=\"1860\">Contamos con el conocimiento y la infraestructura para atender contratos tanto del sector p\u00fablico como privado, con altos est\u00e1ndares de servicio y cumplimiento.<\/p>\t\t\t\t\t\t\t\t<\/div>\n\t\t\t\t<\/div>\n\t\t\t\t\t<\/div>\n\t\t\t\t<\/div>\n\t\t<div class=\"elementor-element elementor-element-4b08c72 e-flex e-con-boxed e-con e-parent\" data-id=\"4b08c72\" data-element_type=\"container\" data-settings=\"{&quot;background_background&quot;:&quot;classic&quot;,&quot;shape_divider_top&quot;:&quot;opacity-fan&quot;}\">\n\t\t\t\t\t<div class=\"e-con-inner\">\n\t\t\t\t<div class=\"elementor-shape elementor-shape-top\" aria-hidden=\"true\" data-negative=\"false\">\n\t\t\t<svg xmlns=\"http:\/\/www.w3.org\/2000\/svg\" viewBox=\"0 0 283.5 19.6\" preserveAspectRatio=\"none\">\n\t<path class=\"elementor-shape-fill\" style=\"opacity:0.33\" d=\"M0 0L0 18.8 141.8 4.1 283.5 18.8 283.5 0z\"\/>\n\t<path class=\"elementor-shape-fill\" style=\"opacity:0.33\" d=\"M0 0L0 12.6 141.8 4 283.5 12.6 283.5 0z\"\/>\n\t<path class=\"elementor-shape-fill\" style=\"opacity:0.33\" d=\"M0 0L0 6.4 141.8 4 283.5 6.4 283.5 0z\"\/>\n\t<path class=\"elementor-shape-fill\" d=\"M0 0L0 1.2 141.8 4 283.5 1.2 283.5 0z\"\/>\n<\/svg>\t\t<\/div>\n\t\t\t\t<div class=\"elementor-element elementor-element-d77b960 elementor-widget elementor-widget-heading\" data-id=\"d77b960\" data-element_type=\"widget\" data-widget_type=\"heading.default\">\n\t\t\t\t\t<h2 class=\"elementor-heading-title elementor-size-default\">Nuestros servicios<\/h2>\t\t\t\t<\/div>\n\t\t\t\t\t<\/div>\n\t\t\t\t<\/div>\n\t\t<div class=\"elementor-element elementor-element-67cb9c7 e-flex e-con-boxed e-con e-parent\" data-id=\"67cb9c7\" data-element_type=\"container\">\n\t\t\t\t\t<div class=\"e-con-inner\">\n\t\t<div class=\"elementor-element elementor-element-0e9b284 e-grid e-con-full e-con e-child\" data-id=\"0e9b284\" data-element_type=\"container\">\n\t\t<div class=\"elementor-element elementor-element-2feb595 e-con-full e-flex e-con e-child\" data-id=\"2feb595\" data-element_type=\"container\" data-settings=\"{&quot;background_background&quot;:&quot;classic&quot;}\">\n\t\t\t\t<div class=\"elementor-element elementor-element-ffbed4a elementor-widget elementor-widget-image\" data-id=\"ffbed4a\" data-element_type=\"widget\" data-widget_type=\"image.default\">\n\t\t\t\t\t\t\t\t\t\t\t\t\t\t\t<img fetchpriority=\"high\" decoding=\"async\" width=\"800\" height=\"535\" src=\"https:\/\/figral.org\/wordpress\/wp-content\/uploads\/2025\/07\/f-1024x685.jpg\" class=\"attachment-large size-large wp-image-22\" alt=\"\" srcset=\"https:\/\/figral.org\/wordpress\/wp-content\/uploads\/2025\/07\/f-1024x685.jpg 1024w, https:\/\/figral.org\/wordpress\/wp-content\/uploads\/2025\/07\/f-300x201.jpg 300w, https:\/\/figral.org\/wordpress\/wp-content\/uploads\/2025\/07\/f-768x514.jpg 768w, https:\/\/figral.org\/wordpress\/wp-content\/uploads\/2025\/07\/f-1536x1028.jpg 1536w, https:\/\/figral.org\/wordpress\/wp-content\/uploads\/2025\/07\/f-2048x1371.jpg 2048w\" sizes=\"(max-width: 800px) 100vw, 800px\" \/>\t\t\t\t\t\t\t\t\t\t\t\t\t\t\t<\/div>\n\t\t\t\t<div class=\"elementor-element elementor-element-32463ff elementor-widget elementor-widget-heading\" data-id=\"32463ff\" data-element_type=\"widget\" data-widget_type=\"heading.default\">\n\t\t\t\t\t<h2 class=\"elementor-heading-title elementor-size-default\">Venta mayorista de productos qu\u00edmicos industriales\n<\/h2>\t\t\t\t<\/div>\n\t\t\t\t<\/div>\n\t\t<div class=\"elementor-element elementor-element-6642f05 e-con-full e-flex e-con e-child\" data-id=\"6642f05\" data-element_type=\"container\" data-settings=\"{&quot;background_background&quot;:&quot;classic&quot;}\">\n\t\t\t\t<div class=\"elementor-element elementor-element-4987535 elementor-widget elementor-widget-image\" data-id=\"4987535\" data-element_type=\"widget\" data-widget_type=\"image.default\">\n\t\t\t\t\t\t\t\t\t\t\t\t\t\t\t<img decoding=\"async\" width=\"800\" height=\"534\" src=\"https:\/\/figral.org\/wordpress\/wp-content\/uploads\/2025\/07\/pexels-sami-aksu-48867324-9899252-1024x683.jpg\" class=\"attachment-large size-large wp-image-29\" alt=\"\" srcset=\"https:\/\/figral.org\/wordpress\/wp-content\/uploads\/2025\/07\/pexels-sami-aksu-48867324-9899252-1024x683.jpg 1024w, https:\/\/figral.org\/wordpress\/wp-content\/uploads\/2025\/07\/pexels-sami-aksu-48867324-9899252-300x200.jpg 300w, https:\/\/figral.org\/wordpress\/wp-content\/uploads\/2025\/07\/pexels-sami-aksu-48867324-9899252-768x512.jpg 768w, https:\/\/figral.org\/wordpress\/wp-content\/uploads\/2025\/07\/pexels-sami-aksu-48867324-9899252-1536x1024.jpg 1536w\" sizes=\"(max-width: 800px) 100vw, 800px\" \/>\t\t\t\t\t\t\t\t\t\t\t\t\t\t\t<\/div>\n\t\t\t\t<div class=\"elementor-element elementor-element-41e146d elementor-widget elementor-widget-heading\" data-id=\"41e146d\" data-element_type=\"widget\" data-widget_type=\"heading.default\">\n\t\t\t\t\t<h2 class=\"elementor-heading-title elementor-size-default\">Comercializaci\u00f3n de frutas y verduras frescas\n<\/h2>\t\t\t\t<\/div>\n\t\t\t\t<\/div>\n\t\t<div class=\"elementor-element elementor-element-e2d9728 e-con-full e-flex e-con e-child\" data-id=\"e2d9728\" data-element_type=\"container\" data-settings=\"{&quot;background_background&quot;:&quot;classic&quot;}\">\n\t\t\t\t<div class=\"elementor-element elementor-element-a9dcdcb elementor-widget elementor-widget-image\" data-id=\"a9dcdcb\" data-element_type=\"widget\" data-widget_type=\"image.default\">\n\t\t\t\t\t\t\t\t\t\t\t\t\t\t\t<img decoding=\"async\" width=\"800\" height=\"534\" src=\"https:\/\/figral.org\/wordpress\/wp-content\/uploads\/2025\/07\/pexels-mikhail-nilov-9242817-1024x683.jpg\" class=\"attachment-large size-large wp-image-28\" alt=\"\" srcset=\"https:\/\/figral.org\/wordpress\/wp-content\/uploads\/2025\/07\/pexels-mikhail-nilov-9242817-1024x683.jpg 1024w, https:\/\/figral.org\/wordpress\/wp-content\/uploads\/2025\/07\/pexels-mikhail-nilov-9242817-300x200.jpg 300w, https:\/\/figral.org\/wordpress\/wp-content\/uploads\/2025\/07\/pexels-mikhail-nilov-9242817-768x512.jpg 768w, https:\/\/figral.org\/wordpress\/wp-content\/uploads\/2025\/07\/pexels-mikhail-nilov-9242817-1536x1024.jpg 1536w, https:\/\/figral.org\/wordpress\/wp-content\/uploads\/2025\/07\/pexels-mikhail-nilov-9242817-2048x1366.jpg 2048w\" sizes=\"(max-width: 800px) 100vw, 800px\" \/>\t\t\t\t\t\t\t\t\t\t\t\t\t\t\t<\/div>\n\t\t\t\t<div class=\"elementor-element elementor-element-cb59e0e elementor-widget elementor-widget-heading\" data-id=\"cb59e0e\" data-element_type=\"widget\" data-widget_type=\"heading.default\">\n\t\t\t\t\t<h2 class=\"elementor-heading-title elementor-size-default\">Alquiler de equipos comerciales y t\u00e9cnicos<\/h2>\t\t\t\t<\/div>\n\t\t\t\t<\/div>\n\t\t<div class=\"elementor-element elementor-element-0029ccf e-con-full e-flex e-con e-child\" data-id=\"0029ccf\" data-element_type=\"container\" data-settings=\"{&quot;background_background&quot;:&quot;classic&quot;}\">\n\t\t\t\t<div class=\"elementor-element elementor-element-9696eda elementor-widget elementor-widget-image\" data-id=\"9696eda\" data-element_type=\"widget\" data-widget_type=\"image.default\">\n\t\t\t\t\t\t\t\t\t\t\t\t\t\t\t<img loading=\"lazy\" decoding=\"async\" width=\"800\" height=\"534\" src=\"https:\/\/figral.org\/wordpress\/wp-content\/uploads\/2025\/07\/pexels-karolina-grabowska-6627716-1024x683.jpg\" class=\"attachment-large size-large wp-image-27\" alt=\"\" srcset=\"https:\/\/figral.org\/wordpress\/wp-content\/uploads\/2025\/07\/pexels-karolina-grabowska-6627716-1024x683.jpg 1024w, https:\/\/figral.org\/wordpress\/wp-content\/uploads\/2025\/07\/pexels-karolina-grabowska-6627716-300x200.jpg 300w, https:\/\/figral.org\/wordpress\/wp-content\/uploads\/2025\/07\/pexels-karolina-grabowska-6627716-768x512.jpg 768w\" sizes=\"(max-width: 800px) 100vw, 800px\" \/>\t\t\t\t\t\t\t\t\t\t\t\t\t\t\t<\/div>\n\t\t\t\t<div class=\"elementor-element elementor-element-0b8ba93 elementor-widget elementor-widget-heading\" data-id=\"0b8ba93\" data-element_type=\"widget\" data-widget_type=\"heading.default\">\n\t\t\t\t\t<h2 class=\"elementor-heading-title elementor-size-default\">Provisi\u00f3n de mobiliario e instrumental m\u00e9dico<\/h2>\t\t\t\t<\/div>\n\t\t\t\t<\/div>\n\t\t<div class=\"elementor-element elementor-element-1a4fb2b e-con-full e-flex e-con e-child\" data-id=\"1a4fb2b\" data-element_type=\"container\" data-settings=\"{&quot;background_background&quot;:&quot;classic&quot;}\">\n\t\t\t\t<div class=\"elementor-element elementor-element-42b5cb7 elementor-widget elementor-widget-image\" data-id=\"42b5cb7\" data-element_type=\"widget\" data-widget_type=\"image.default\">\n\t\t\t\t\t\t\t\t\t\t\t\t\t\t\t<img loading=\"lazy\" decoding=\"async\" width=\"800\" height=\"534\" src=\"https:\/\/figral.org\/wordpress\/wp-content\/uploads\/2025\/07\/pexels-pavel-danilyuk-6407553-1024x684.jpg\" class=\"attachment-large size-large wp-image-31\" alt=\"\" srcset=\"https:\/\/figral.org\/wordpress\/wp-content\/uploads\/2025\/07\/pexels-pavel-danilyuk-6407553-1024x684.jpg 1024w, https:\/\/figral.org\/wordpress\/wp-content\/uploads\/2025\/07\/pexels-pavel-danilyuk-6407553-300x200.jpg 300w, https:\/\/figral.org\/wordpress\/wp-content\/uploads\/2025\/07\/pexels-pavel-danilyuk-6407553-768x513.jpg 768w, https:\/\/figral.org\/wordpress\/wp-content\/uploads\/2025\/07\/pexels-pavel-danilyuk-6407553-1536x1025.jpg 1536w, https:\/\/figral.org\/wordpress\/wp-content\/uploads\/2025\/07\/pexels-pavel-danilyuk-6407553-2048x1367.jpg 2048w\" sizes=\"(max-width: 800px) 100vw, 800px\" \/>\t\t\t\t\t\t\t\t\t\t\t\t\t\t\t<\/div>\n\t\t\t\t<div class=\"elementor-element elementor-element-39a166c elementor-widget elementor-widget-heading\" data-id=\"39a166c\" data-element_type=\"widget\" data-widget_type=\"heading.default\">\n\t\t\t\t\t<h2 class=\"elementor-heading-title elementor-size-default\"> Intermediaci\u00f3n comercial<\/h2>\t\t\t\t<\/div>\n\t\t\t\t<\/div>\n\t\t<div class=\"elementor-element elementor-element-ae6c1f3 e-con-full e-flex e-con e-child\" data-id=\"ae6c1f3\" data-element_type=\"container\" data-settings=\"{&quot;background_background&quot;:&quot;classic&quot;}\">\n\t\t\t\t<div class=\"elementor-element elementor-element-2506858 elementor-widget elementor-widget-image\" data-id=\"2506858\" data-element_type=\"widget\" data-widget_type=\"image.default\">\n\t\t\t\t\t\t\t\t\t\t\t\t\t\t\t<img loading=\"lazy\" decoding=\"async\" width=\"800\" height=\"534\" src=\"https:\/\/figral.org\/wordpress\/wp-content\/uploads\/2025\/07\/pexels-efrem-efre-2786187-15379824-1024x683.jpg\" class=\"attachment-large size-large wp-image-26\" alt=\"\" srcset=\"https:\/\/figral.org\/wordpress\/wp-content\/uploads\/2025\/07\/pexels-efrem-efre-2786187-15379824-1024x683.jpg 1024w, https:\/\/figral.org\/wordpress\/wp-content\/uploads\/2025\/07\/pexels-efrem-efre-2786187-15379824-300x200.jpg 300w, https:\/\/figral.org\/wordpress\/wp-content\/uploads\/2025\/07\/pexels-efrem-efre-2786187-15379824-768x512.jpg 768w\" sizes=\"(max-width: 800px) 100vw, 800px\" \/>\t\t\t\t\t\t\t\t\t\t\t\t\t\t\t<\/div>\n\t\t\t\t<div class=\"elementor-element elementor-element-a50ff65 elementor-widget elementor-widget-heading\" data-id=\"a50ff65\" data-element_type=\"widget\" data-widget_type=\"heading.default\">\n\t\t\t\t\t<h2 class=\"elementor-heading-title elementor-size-default\">Autotransporte local de carga especializada<\/h2>\t\t\t\t<\/div>\n\t\t\t\t<\/div>\n\t\t\t\t<\/div>\n\t\t\t\t\t<\/div>\n\t\t\t\t<\/div>\n\t\t<div class=\"elementor-element elementor-element-91e4190 e-con-full e-flex e-con e-parent\" data-id=\"91e4190\" data-element_type=\"container\">\n\t\t\t\t<div class=\"elementor-element elementor-element-201991e elementor-widget elementor-widget-heading\" data-id=\"201991e\" data-element_type=\"widget\" data-widget_type=\"heading.default\">\n\t\t\t\t\t<h2 class=\"elementor-heading-title elementor-size-default\">Beneficios de trabajar con Figral<\/h2>\t\t\t\t<\/div>\n\t\t<div class=\"elementor-element elementor-element-e68e553 e-con-full e-flex e-con e-child\" data-id=\"e68e553\" data-element_type=\"container\">\n\t\t<div class=\"elementor-element elementor-element-84196e3 e-grid e-con-full e-con e-child\" data-id=\"84196e3\" data-element_type=\"container\">\n\t\t\t\t<div class=\"elementor-element elementor-element-5226970 elementor-view-default elementor-position-top elementor-mobile-position-top elementor-widget elementor-widget-icon-box\" data-id=\"5226970\" data-element_type=\"widget\" data-widget_type=\"icon-box.default\">\n\t\t\t\t\t\t\t<div class=\"elementor-icon-box-wrapper\">\n\n\t\t\t\t\t\t<div class=\"elementor-icon-box-icon\">\n\t\t\t\t<span  class=\"elementor-icon\">\n\t\t\t\t<svg aria-hidden=\"true\" class=\"e-font-icon-svg e-fas-star\" viewBox=\"0 0 576 512\" xmlns=\"http:\/\/www.w3.org\/2000\/svg\"><path d=\"M259.3 17.8L194 150.2 47.9 171.5c-26.2 3.8-36.7 36.1-17.7 54.6l105.7 103-25 145.5c-4.5 26.3 23.2 46 46.4 33.7L288 439.6l130.7 68.7c23.2 12.2 50.9-7.4 46.4-33.7l-25-145.5 105.7-103c19-18.5 8.5-50.8-17.7-54.6L382 150.2 316.7 17.8c-11.7-23.6-45.6-23.9-57.4 0z\"><\/path><\/svg>\t\t\t\t<\/span>\n\t\t\t<\/div>\n\t\t\t\n\t\t\t\t\t\t<div class=\"elementor-icon-box-content\">\n\n\t\t\t\t\t\t\t\t\t<h3 class=\"elementor-icon-box-title\">\n\t\t\t\t\t\t<span  >\n\t\t\t\t\t\t\tCobertura multisectorial\t\t\t\t\t\t<\/span>\n\t\t\t\t\t<\/h3>\n\t\t\t\t\n\t\t\t\t\n\t\t\t<\/div>\n\t\t\t\n\t\t<\/div>\n\t\t\t\t\t\t<\/div>\n\t\t\t\t<div class=\"elementor-element elementor-element-313d05e elementor-view-default elementor-position-top elementor-mobile-position-top elementor-widget elementor-widget-icon-box\" data-id=\"313d05e\" data-element_type=\"widget\" data-widget_type=\"icon-box.default\">\n\t\t\t\t\t\t\t<div class=\"elementor-icon-box-wrapper\">\n\n\t\t\t\t\t\t<div class=\"elementor-icon-box-icon\">\n\t\t\t\t<span  class=\"elementor-icon\">\n\t\t\t\t<svg aria-hidden=\"true\" class=\"e-font-icon-svg e-fas-star\" viewBox=\"0 0 576 512\" xmlns=\"http:\/\/www.w3.org\/2000\/svg\"><path d=\"M259.3 17.8L194 150.2 47.9 171.5c-26.2 3.8-36.7 36.1-17.7 54.6l105.7 103-25 145.5c-4.5 26.3 23.2 46 46.4 33.7L288 439.6l130.7 68.7c23.2 12.2 50.9-7.4 46.4-33.7l-25-145.5 105.7-103c19-18.5 8.5-50.8-17.7-54.6L382 150.2 316.7 17.8c-11.7-23.6-45.6-23.9-57.4 0z\"><\/path><\/svg>\t\t\t\t<\/span>\n\t\t\t<\/div>\n\t\t\t\n\t\t\t\t\t\t<div class=\"elementor-icon-box-content\">\n\n\t\t\t\t\t\t\t\t\t<h3 class=\"elementor-icon-box-title\">\n\t\t\t\t\t\t<span  >\n\t\t\t\t\t\t\tAtenci\u00f3n institucional\t\t\t\t\t\t<\/span>\n\t\t\t\t\t<\/h3>\n\t\t\t\t\n\t\t\t\t\n\t\t\t<\/div>\n\t\t\t\n\t\t<\/div>\n\t\t\t\t\t\t<\/div>\n\t\t\t\t<div class=\"elementor-element elementor-element-cdfe44b elementor-view-default elementor-position-top elementor-mobile-position-top elementor-widget elementor-widget-icon-box\" data-id=\"cdfe44b\" data-element_type=\"widget\" data-widget_type=\"icon-box.default\">\n\t\t\t\t\t\t\t<div class=\"elementor-icon-box-wrapper\">\n\n\t\t\t\t\t\t<div class=\"elementor-icon-box-icon\">\n\t\t\t\t<span  class=\"elementor-icon\">\n\t\t\t\t<svg aria-hidden=\"true\" class=\"e-font-icon-svg e-fas-star\" viewBox=\"0 0 576 512\" xmlns=\"http:\/\/www.w3.org\/2000\/svg\"><path d=\"M259.3 17.8L194 150.2 47.9 171.5c-26.2 3.8-36.7 36.1-17.7 54.6l105.7 103-25 145.5c-4.5 26.3 23.2 46 46.4 33.7L288 439.6l130.7 68.7c23.2 12.2 50.9-7.4 46.4-33.7l-25-145.5 105.7-103c19-18.5 8.5-50.8-17.7-54.6L382 150.2 316.7 17.8c-11.7-23.6-45.6-23.9-57.4 0z\"><\/path><\/svg>\t\t\t\t<\/span>\n\t\t\t<\/div>\n\t\t\t\n\t\t\t\t\t\t<div class=\"elementor-icon-box-content\">\n\n\t\t\t\t\t\t\t\t\t<h3 class=\"elementor-icon-box-title\">\n\t\t\t\t\t\t<span  >\n\t\t\t\t\t\t\tEficiencia operativa\t\t\t\t\t\t<\/span>\n\t\t\t\t\t<\/h3>\n\t\t\t\t\n\t\t\t\t\n\t\t\t<\/div>\n\t\t\t\n\t\t<\/div>\n\t\t\t\t\t\t<\/div>\n\t\t\t\t<div class=\"elementor-element elementor-element-b5767a8 elementor-view-default elementor-position-top elementor-mobile-position-top elementor-widget elementor-widget-icon-box\" data-id=\"b5767a8\" data-element_type=\"widget\" data-widget_type=\"icon-box.default\">\n\t\t\t\t\t\t\t<div class=\"elementor-icon-box-wrapper\">\n\n\t\t\t\t\t\t<div class=\"elementor-icon-box-icon\">\n\t\t\t\t<span  class=\"elementor-icon\">\n\t\t\t\t<svg aria-hidden=\"true\" class=\"e-font-icon-svg e-fas-star\" viewBox=\"0 0 576 512\" xmlns=\"http:\/\/www.w3.org\/2000\/svg\"><path d=\"M259.3 17.8L194 150.2 47.9 171.5c-26.2 3.8-36.7 36.1-17.7 54.6l105.7 103-25 145.5c-4.5 26.3 23.2 46 46.4 33.7L288 439.6l130.7 68.7c23.2 12.2 50.9-7.4 46.4-33.7l-25-145.5 105.7-103c19-18.5 8.5-50.8-17.7-54.6L382 150.2 316.7 17.8c-11.7-23.6-45.6-23.9-57.4 0z\"><\/path><\/svg>\t\t\t\t<\/span>\n\t\t\t<\/div>\n\t\t\t\n\t\t\t\t\t\t<div class=\"elementor-icon-box-content\">\n\n\t\t\t\t\t\t\t\t\t<h3 class=\"elementor-icon-box-title\">\n\t\t\t\t\t\t<span  >\n\t\t\t\t\t\t\tEquipo especializado\t\t\t\t\t\t<\/span>\n\t\t\t\t\t<\/h3>\n\t\t\t\t\n\t\t\t\t\n\t\t\t<\/div>\n\t\t\t\n\t\t<\/div>\n\t\t\t\t\t\t<\/div>\n\t\t\t\t<div class=\"elementor-element elementor-element-77dbe6c elementor-view-default elementor-position-top elementor-mobile-position-top elementor-widget elementor-widget-icon-box\" data-id=\"77dbe6c\" data-element_type=\"widget\" data-widget_type=\"icon-box.default\">\n\t\t\t\t\t\t\t<div class=\"elementor-icon-box-wrapper\">\n\n\t\t\t\t\t\t<div class=\"elementor-icon-box-icon\">\n\t\t\t\t<span  class=\"elementor-icon\">\n\t\t\t\t<svg aria-hidden=\"true\" class=\"e-font-icon-svg e-fas-star\" viewBox=\"0 0 576 512\" xmlns=\"http:\/\/www.w3.org\/2000\/svg\"><path d=\"M259.3 17.8L194 150.2 47.9 171.5c-26.2 3.8-36.7 36.1-17.7 54.6l105.7 103-25 145.5c-4.5 26.3 23.2 46 46.4 33.7L288 439.6l130.7 68.7c23.2 12.2 50.9-7.4 46.4-33.7l-25-145.5 105.7-103c19-18.5 8.5-50.8-17.7-54.6L382 150.2 316.7 17.8c-11.7-23.6-45.6-23.9-57.4 0z\"><\/path><\/svg>\t\t\t\t<\/span>\n\t\t\t<\/div>\n\t\t\t\n\t\t\t\t\t\t<div class=\"elementor-icon-box-content\">\n\n\t\t\t\t\t\t\t\t\t<h3 class=\"elementor-icon-box-title\">\n\t\t\t\t\t\t<span  >\n\t\t\t\t\t\t\tRed de aliados confiables\t\t\t\t\t\t<\/span>\n\t\t\t\t\t<\/h3>\n\t\t\t\t\n\t\t\t\t\n\t\t\t<\/div>\n\t\t\t\n\t\t<\/div>\n\t\t\t\t\t\t<\/div>\n\t\t\t\t<\/div>\n\t\t\t\t<\/div>\n\t\t\t\t<\/div>\n\t\t<div class=\"elementor-element elementor-element-36c46e5 e-flex e-con-boxed e-con e-parent\" data-id=\"36c46e5\" data-element_type=\"container\" data-settings=\"{&quot;background_background&quot;:&quot;classic&quot;}\">\n\t\t\t\t\t<div class=\"e-con-inner\">\n\t\t\t\t<div class=\"elementor-element elementor-element-9ba02b6 elementor-widget elementor-widget-text-editor\" data-id=\"9ba02b6\" data-element_type=\"widget\" data-widget_type=\"text-editor.default\">\n\t\t\t\t\t\t\t\t\t<p data-start=\"3898\" data-end=\"3965\">\u00bfQuieres cotizar un servicio, conocer m\u00e1s o establecer una alianza?<\/p><p data-start=\"3967\" data-end=\"4099\">\ud83d\udce7 <strong data-start=\"3970\" data-end=\"3992\">Correo electr\u00f3nico<\/strong>: <a class=\"cursor-pointer\" rel=\"noopener\" data-start=\"3994\" data-end=\"4043\">contacto@figral.org<\/a><\/p>\t\t\t\t\t\t\t\t<\/div>\n\t\t\t\t<div class=\"elementor-element elementor-element-520dd38 elementor-align-center elementor-widget elementor-widget-button\" data-id=\"520dd38\" data-element_type=\"widget\" data-widget_type=\"button.default\">\n\t\t\t\t\t\t\t\t\t\t<a class=\"elementor-button elementor-button-link elementor-size-sm\" href=\"https:\/\/figral.org\/index.php\/contacto\/\">\n\t\t\t\t\t\t<span class=\"elementor-button-content-wrapper\">\n\t\t\t\t\t\t\t\t\t<span class=\"elementor-button-text\">Haz clic aqu\u00ed<\/span>\n\t\t\t\t\t<\/span>\n\t\t\t\t\t<\/a>\n\t\t\t\t\t\t\t\t<\/div>\n\t\t\t\t\t<\/div>\n\t\t\t\t<\/div>\n\t\t\t\t<\/div>\n\t\t","protected":false},"excerpt":{"rendered":"<p>Impulsamos sectores clave con eficiencia, calidad y compromiso. En Figral S.A. de C.V., nos especializamos en el suministro, arrendamiento y distribuci\u00f3n estrat\u00e9gica de productos y equipos para sectores fundamentales de la econom\u00eda como la industria, salud, agroalimentaci\u00f3n y log\u00edstica. \u00bfQui\u00e9nes somos? Figral S.A. de C.V. es una empresa mexicana que integra soluciones log\u00edsticas, t\u00e9cnicas y [&hellip;]<\/p>\n","protected":false},"author":1,"featured_media":0,"parent":0,"menu_order":0,"comment_status":"closed","ping_status":"closed","template":"","meta":{"footnotes":""},"class_list":["post-7","page","type-page","status-publish","hentry"],"_links":{"self":[{"href":"https:\/\/figral.org\/index.php\/wp-json\/wp\/v2\/pages\/7","targetHints":{"allow":["GET"]}}],"collection":[{"href":"https:\/\/figral.org\/index.php\/wp-json\/wp\/v2\/pages"}],"about":[{"href":"https:\/\/figral.org\/index.php\/wp-json\/wp\/v2\/types\/page"}],"author":[{"embeddable":true,"href":"https:\/\/figral.org\/index.php\/wp-json\/wp\/v2\/users\/1"}],"replies":[{"embeddable":true,"href":"https:\/\/figral.org\/index.php\/wp-json\/wp\/v2\/comments?post=7"}],"version-history":[{"count":16,"href":"https:\/\/figral.org\/index.php\/wp-json\/wp\/v2\/pages\/7\/revisions"}],"predecessor-version":[{"id":133,"href":"https:\/\/figral.org\/index.php\/wp-json\/wp\/v2\/pages\/7\/revisions\/133"}],"wp:attachment":[{"href":"https:\/\/figral.org\/index.php\/wp-json\/wp\/v2\/media?parent=7"}],"curies":[{"name":"wp","href":"https:\/\/api.w.org\/{rel}","templated":true}]}}