{"id":23,"date":"2025-07-09T01:04:17","date_gmt":"2025-07-09T01:04:17","guid":{"rendered":"https:\/\/figral.org\/wordpress\/?page_id=23"},"modified":"2025-07-09T17:08:52","modified_gmt":"2025-07-09T17:08:52","slug":"venta-mayorista-de-productos-quimicos-industriales","status":"publish","type":"page","link":"https:\/\/figral.org\/index.php\/venta-mayorista-de-productos-quimicos-industriales\/","title":{"rendered":"Venta mayorista de productos qu\u00edmicos industriales"},"content":{"rendered":"\t\t<div data-elementor-type=\"wp-page\" data-elementor-id=\"23\" class=\"elementor elementor-23\" data-elementor-post-type=\"page\">\n\t\t\t\t<div class=\"elementor-element elementor-element-b21a56a e-con-full e-flex e-con e-parent\" data-id=\"b21a56a\" data-element_type=\"container\" data-settings=\"{&quot;background_background&quot;:&quot;slideshow&quot;,&quot;background_slideshow_gallery&quot;:[{&quot;id&quot;:43,&quot;url&quot;:&quot;https:\\\/\\\/figral.org\\\/wordpress\\\/wp-content\\\/uploads\\\/2025\\\/07\\\/pexels-tima-miroshnichenko-9574510-scaled.jpg&quot;},{&quot;id&quot;:45,&quot;url&quot;:&quot;https:\\\/\\\/figral.org\\\/wordpress\\\/wp-content\\\/uploads\\\/2025\\\/07\\\/pexels-tima-miroshnichenko-9574413-scaled.jpg&quot;}],&quot;background_slideshow_loop&quot;:&quot;yes&quot;,&quot;background_slideshow_slide_duration&quot;:5000,&quot;background_slideshow_slide_transition&quot;:&quot;fade&quot;,&quot;background_slideshow_transition_duration&quot;:500}\">\n\t\t<div class=\"elementor-element elementor-element-a6e3a5d e-flex e-con-boxed e-con e-child\" data-id=\"a6e3a5d\" data-element_type=\"container\">\n\t\t\t\t\t<div class=\"e-con-inner\">\n\t\t\t\t<div class=\"elementor-element elementor-element-1332500 elementor-widget__width-auto elementor-widget elementor-widget-heading\" data-id=\"1332500\" data-element_type=\"widget\" data-widget_type=\"heading.default\">\n\t\t\t\t\t<h2 class=\"elementor-heading-title elementor-size-default\">Venta mayorista de productos qu\u00edmicos industriales<\/h2>\t\t\t\t<\/div>\n\t\t\t\t\t<\/div>\n\t\t\t\t<\/div>\n\t\t\t\t<\/div>\n\t\t<div class=\"elementor-element elementor-element-37ea94d e-flex e-con-boxed e-con e-parent\" data-id=\"37ea94d\" data-element_type=\"container\">\n\t\t\t\t\t<div class=\"e-con-inner\">\n\t\t<div class=\"elementor-element elementor-element-07d21cf e-con-full e-flex e-con e-child\" data-id=\"07d21cf\" data-element_type=\"container\">\n\t\t\t\t<div class=\"elementor-element elementor-element-376a5e3 elementor-widget elementor-widget-text-editor\" data-id=\"376a5e3\" data-element_type=\"widget\" data-widget_type=\"text-editor.default\">\n\t\t\t\t\t\t\t\t\t<p data-start=\"214\" data-end=\"515\">En Figral, nos especializamos en la distribuci\u00f3n de insumos qu\u00edmicos certificados para sectores industriales, agr\u00edcolas e institucionales. Ofrecemos una gama de productos confiables que cumplen con las normativas vigentes y cuentan con el respaldo t\u00e9cnico necesario para su uso seguro y eficiente.<\/p><p data-start=\"517\" data-end=\"727\">Abastecemos a f\u00e1bricas, agroindustrias, empresas de limpieza institucional, gobiernos y organismos que requieren sustancias qu\u00edmicas para sus operaciones diarias, con entregas seguras y puntualidad garantizada.<\/p>\t\t\t\t\t\t\t\t<\/div>\n\t\t\t\t<\/div>\n\t\t\t\t\t<\/div>\n\t\t\t\t<\/div>\n\t\t<div class=\"elementor-element elementor-element-f400ca6 e-flex e-con-boxed e-con e-parent\" data-id=\"f400ca6\" data-element_type=\"container\">\n\t\t\t\t\t<div class=\"e-con-inner\">\n\t\t<div class=\"elementor-element elementor-element-eecd2c7 e-con-full e-flex e-con e-child\" data-id=\"eecd2c7\" data-element_type=\"container\">\n\t\t\t\t<div class=\"elementor-element elementor-element-557f879 elementor-widget elementor-widget-heading\" data-id=\"557f879\" data-element_type=\"widget\" data-widget_type=\"heading.default\">\n\t\t\t\t\t<h2 class=\"elementor-heading-title elementor-size-default\">Ventajas de nuestro servicio:<\/h2>\t\t\t\t<\/div>\n\t\t\t\t<div class=\"elementor-element elementor-element-fc59145 elementor-align-left elementor-widget__width-initial elementor-icon-list--layout-traditional elementor-list-item-link-full_width elementor-widget elementor-widget-icon-list\" data-id=\"fc59145\" data-element_type=\"widget\" data-widget_type=\"icon-list.default\">\n\t\t\t\t\t\t\t<ul class=\"elementor-icon-list-items\">\n\t\t\t\t\t\t\t<li class=\"elementor-icon-list-item\">\n\t\t\t\t\t\t\t\t\t\t\t<span class=\"elementor-icon-list-icon\">\n\t\t\t\t\t\t\t<svg aria-hidden=\"true\" class=\"e-font-icon-svg e-fas-check\" viewBox=\"0 0 512 512\" xmlns=\"http:\/\/www.w3.org\/2000\/svg\"><path d=\"M173.898 439.404l-166.4-166.4c-9.997-9.997-9.997-26.206 0-36.204l36.203-36.204c9.997-9.998 26.207-9.998 36.204 0L192 312.69 432.095 72.596c9.997-9.997 26.207-9.997 36.204 0l36.203 36.204c9.997 9.997 9.997 26.206 0 36.204l-294.4 294.401c-9.998 9.997-26.207 9.997-36.204-.001z\"><\/path><\/svg>\t\t\t\t\t\t<\/span>\n\t\t\t\t\t\t\t\t\t\t<span class=\"elementor-icon-list-text\">Productos con ficha t\u00e9cnica: Todos nuestros qu\u00edmicos incluyen documentaci\u00f3n t\u00e9cnica detallada y cumplen con est\u00e1ndares de calidad nacional e internacional.<\/span>\n\t\t\t\t\t\t\t\t\t<\/li>\n\t\t\t\t\t\t\t\t<li class=\"elementor-icon-list-item\">\n\t\t\t\t\t\t\t\t\t\t\t<span class=\"elementor-icon-list-icon\">\n\t\t\t\t\t\t\t<svg aria-hidden=\"true\" class=\"e-font-icon-svg e-fas-check\" viewBox=\"0 0 512 512\" xmlns=\"http:\/\/www.w3.org\/2000\/svg\"><path d=\"M173.898 439.404l-166.4-166.4c-9.997-9.997-9.997-26.206 0-36.204l36.203-36.204c9.997-9.998 26.207-9.998 36.204 0L192 312.69 432.095 72.596c9.997-9.997 26.207-9.997 36.204 0l36.203 36.204c9.997 9.997 9.997 26.206 0 36.204l-294.4 294.401c-9.998 9.997-26.207 9.997-36.204-.001z\"><\/path><\/svg>\t\t\t\t\t\t<\/span>\n\t\t\t\t\t\t\t\t\t\t<span class=\"elementor-icon-list-text\">Cumplimiento normativo: Operamos conforme a regulaciones ambientales y de seguridad para el manejo, almacenamiento y transporte de sustancias qu\u00edmicas.<\/span>\n\t\t\t\t\t\t\t\t\t<\/li>\n\t\t\t\t\t\t\t\t<li class=\"elementor-icon-list-item\">\n\t\t\t\t\t\t\t\t\t\t\t<span class=\"elementor-icon-list-icon\">\n\t\t\t\t\t\t\t<svg aria-hidden=\"true\" class=\"e-font-icon-svg e-fas-check\" viewBox=\"0 0 512 512\" xmlns=\"http:\/\/www.w3.org\/2000\/svg\"><path d=\"M173.898 439.404l-166.4-166.4c-9.997-9.997-9.997-26.206 0-36.204l36.203-36.204c9.997-9.998 26.207-9.998 36.204 0L192 312.69 432.095 72.596c9.997-9.997 26.207-9.997 36.204 0l36.203 36.204c9.997 9.997 9.997 26.206 0 36.204l-294.4 294.401c-9.998 9.997-26.207 9.997-36.204-.001z\"><\/path><\/svg>\t\t\t\t\t\t<\/span>\n\t\t\t\t\t\t\t\t\t\t<span class=\"elementor-icon-list-text\">Entregas seguras: Nuestra log\u00edstica est\u00e1 dise\u00f1ada para minimizar riesgos, cumpliendo con protocolos de transporte especializado.<\/span>\n\t\t\t\t\t\t\t\t\t<\/li>\n\t\t\t\t\t\t\t\t<li class=\"elementor-icon-list-item\">\n\t\t\t\t\t\t\t\t\t\t\t<span class=\"elementor-icon-list-icon\">\n\t\t\t\t\t\t\t<svg aria-hidden=\"true\" class=\"e-font-icon-svg e-fas-check\" viewBox=\"0 0 512 512\" xmlns=\"http:\/\/www.w3.org\/2000\/svg\"><path d=\"M173.898 439.404l-166.4-166.4c-9.997-9.997-9.997-26.206 0-36.204l36.203-36.204c9.997-9.998 26.207-9.998 36.204 0L192 312.69 432.095 72.596c9.997-9.997 26.207-9.997 36.204 0l36.203 36.204c9.997 9.997 9.997 26.206 0 36.204l-294.4 294.401c-9.998 9.997-26.207 9.997-36.204-.001z\"><\/path><\/svg>\t\t\t\t\t\t<\/span>\n\t\t\t\t\t\t\t\t\t\t<span class=\"elementor-icon-list-text\">Asesor\u00eda t\u00e9cnica: Brindamos orientaci\u00f3n personalizada para un uso adecuado y cumplimiento con la normativa ambiental.<\/span>\n\t\t\t\t\t\t\t\t\t<\/li>\n\t\t\t\t\t\t<\/ul>\n\t\t\t\t\t\t<\/div>\n\t\t\t\t<div class=\"elementor-element elementor-element-cc55180 elementor-widget elementor-widget-text-editor\" data-id=\"cc55180\" data-element_type=\"widget\" data-widget_type=\"text-editor.default\">\n\t\t\t\t\t\t\t\t\t<p>Ya sea que necesites un suministro regular o puntual, contamos con la capacidad y la experiencia para responder de forma \u00e1gil y profesional a tus requerimientos.<\/p>\t\t\t\t\t\t\t\t<\/div>\n\t\t\t\t<\/div>\n\t\t\t\t\t<\/div>\n\t\t\t\t<\/div>\n\t\t<div class=\"elementor-element elementor-element-aeb7937 e-flex e-con-boxed e-con e-parent\" data-id=\"aeb7937\" data-element_type=\"container\" data-settings=\"{&quot;background_background&quot;:&quot;classic&quot;}\">\n\t\t\t\t\t<div class=\"e-con-inner\">\n\t\t\t\t<div class=\"elementor-element elementor-element-5810705 elementor-widget elementor-widget-text-editor\" data-id=\"5810705\" data-element_type=\"widget\" data-widget_type=\"text-editor.default\">\n\t\t\t\t\t\t\t\t\t<p data-start=\"3898\" data-end=\"3965\">\u00bfQuieres cotizar un servicio, conocer m\u00e1s o establecer una alianza?<\/p><p data-start=\"3967\" data-end=\"4099\">\ud83d\udce7 <strong data-start=\"3970\" data-end=\"3992\">Correo electr\u00f3nico<\/strong>: <a class=\"cursor-pointer\" rel=\"noopener\" data-start=\"3994\" data-end=\"4043\">contacto@figral.org<\/a><\/p>\t\t\t\t\t\t\t\t<\/div>\n\t\t\t\t<div class=\"elementor-element elementor-element-f5bd140 elementor-align-center elementor-widget elementor-widget-button\" data-id=\"f5bd140\" data-element_type=\"widget\" data-widget_type=\"button.default\">\n\t\t\t\t\t\t\t\t\t\t<a class=\"elementor-button elementor-button-link elementor-size-sm\" href=\"https:\/\/figral.org\/index.php\/contacto\/\">\n\t\t\t\t\t\t<span class=\"elementor-button-content-wrapper\">\n\t\t\t\t\t\t\t\t\t<span class=\"elementor-button-text\">Haz clic aqu\u00ed<\/span>\n\t\t\t\t\t<\/span>\n\t\t\t\t\t<\/a>\n\t\t\t\t\t\t\t\t<\/div>\n\t\t\t\t\t<\/div>\n\t\t\t\t<\/div>\n\t\t\t\t<\/div>\n\t\t","protected":false},"excerpt":{"rendered":"<p>Venta mayorista de productos qu\u00edmicos industriales En Figral, nos especializamos en la distribuci\u00f3n de insumos qu\u00edmicos certificados para sectores industriales, agr\u00edcolas e institucionales. Ofrecemos una gama de productos confiables que cumplen con las normativas vigentes y cuentan con el respaldo t\u00e9cnico necesario para su uso seguro y eficiente. Abastecemos a f\u00e1bricas, agroindustrias, empresas de limpieza [&hellip;]<\/p>\n","protected":false},"author":1,"featured_media":0,"parent":0,"menu_order":0,"comment_status":"closed","ping_status":"closed","template":"","meta":{"footnotes":""},"class_list":["post-23","page","type-page","status-publish","hentry"],"_links":{"self":[{"href":"https:\/\/figral.org\/index.php\/wp-json\/wp\/v2\/pages\/23","targetHints":{"allow":["GET"]}}],"collection":[{"href":"https:\/\/figral.org\/index.php\/wp-json\/wp\/v2\/pages"}],"about":[{"href":"https:\/\/figral.org\/index.php\/wp-json\/wp\/v2\/types\/page"}],"author":[{"embeddable":true,"href":"https:\/\/figral.org\/index.php\/wp-json\/wp\/v2\/users\/1"}],"replies":[{"embeddable":true,"href":"https:\/\/figral.org\/index.php\/wp-json\/wp\/v2\/comments?post=23"}],"version-history":[{"count":7,"href":"https:\/\/figral.org\/index.php\/wp-json\/wp\/v2\/pages\/23\/revisions"}],"predecessor-version":[{"id":153,"href":"https:\/\/figral.org\/index.php\/wp-json\/wp\/v2\/pages\/23\/revisions\/153"}],"wp:attachment":[{"href":"https:\/\/figral.org\/index.php\/wp-json\/wp\/v2\/media?parent=23"}],"curies":[{"name":"wp","href":"https:\/\/api.w.org\/{rel}","templated":true}]}}